{"id":1295,"date":"2020-12-29T16:52:49","date_gmt":"2020-12-29T16:52:49","guid":{"rendered":"https:\/\/bewusst-schoen.at\/?page_id=1295"},"modified":"2026-02-22T20:30:18","modified_gmt":"2026-02-22T20:30:18","slug":"kinesiologie","status":"publish","type":"page","link":"https:\/\/bewusst-schoen.at\/?page_id=1295","title":{"rendered":"Kinesiologie &#038; Coaching"},"content":{"rendered":"<div data-colibri-id=\"1295-c1\" class=\"style-1447 style-local-1295-c1 position-relative\">\n  <!---->\n  <div data-colibri-component=\"section\" data-colibri-id=\"1295-c2\" id=\"about-4\" class=\"h-section h-section-global-spacing d-flex align-items-lg-center align-items-md-center align-items-center style-1505 style-local-1295-c2 position-relative\">\n    <!---->\n    <!---->\n    <div class=\"h-section-grid-container h-section-boxed-container\">\n      <!---->\n      <div data-colibri-id=\"1295-c3\" class=\"h-row-container gutters-row-lg-0 gutters-row-md-0 gutters-row-0 gutters-row-v-lg-0 gutters-row-v-md-0 gutters-row-v-0 style-1506 style-local-1295-c3 position-relative\">\n        <!---->\n        <div class=\"h-row justify-content-lg-center justify-content-md-center justify-content-center align-items-lg-stretch align-items-md-stretch align-items-stretch gutters-col-lg-0 gutters-col-md-0 gutters-col-0 gutters-col-v-lg-0 gutters-col-v-md-0 gutters-col-v-0\">\n          <!---->\n          <div class=\"h-column h-column-container d-flex h-col-lg-auto h-col-md-auto h-col-auto style-1507-outer style-local-1295-c4-outer\">\n            <div data-colibri-id=\"1295-c4\" class=\"d-flex h-flex-basis h-column__inner h-ui-empty-state-container h-px-lg-0 h-px-md-0 h-px-0 v-inner-lg-0 v-inner-md-0 v-inner-0 style-1507 style-local-1295-c4 position-relative\">\n              <!---->\n              <!---->\n              <div class=\"w-100 h-y-container h-column__content h-column__v-align flex-basis-100\">\n                <!---->\n              <\/div>\n            <\/div>\n          <\/div>\n          <div class=\"h-column h-column-container d-flex h-col-lg-auto h-col-md-auto h-col-auto style-1508-outer style-local-1295-c5-outer\">\n            <div data-colibri-id=\"1295-c5\" class=\"d-flex h-flex-basis h-column__inner h-px-lg-2 h-px-md-2 h-px-2 v-inner-lg-2 v-inner-md-2 v-inner-2 style-1508 style-local-1295-c5 position-relative\">\n              <!---->\n              <!---->\n              <div class=\"w-100 h-y-container h-column__content h-column__v-align flex-basis-100 align-self-lg-start align-self-md-start align-self-start\">\n                <!---->\n                <div data-colibri-id=\"1295-c6\" class=\"h-global-transition-all h-heading style-1509 style-local-1295-c6 position-relative h-element\">\n                  <!---->\n                  <div class=\"h-heading__outer style-1509 style-local-1295-c6\">\n                    <!---->\n                    <!---->\n                    <h5 class=\"\">Was ist ein frauenkreis ?<\/h5>\n                  <\/div>\n                <\/div>\n                <div data-colibri-id=\"1295-c7\" class=\"h-text h-text-component style-1511 style-local-1295-c7 position-relative h-element\">\n                  <!---->\n                  <!---->\n                  <div class=\"\">\n                    <p><span style=\"font-size: 92%; font-family: Raleway;\">Ein Frauenkreis ist ein&nbsp;<\/span><strong style=\"font-size: 92%; font-family: Raleway;\">Ort der Weiblichkeit und gelebten Spiritualit\u00e4t<\/strong><span style=\"font-size: 92%; font-family: Raleway;\">.<\/span><\/p>\n                    <p><span style=\"font-size: 92%; font-family: Raleway;\">Hier kommen Frauen jeden Alters zusammen, um&nbsp;<\/span><strong style=\"font-size: 92%; font-family: Raleway;\">gemeinsam zu singen, zu meditieren, zu lernen, zu heilen und Rituale zu zelebrieren<\/strong>\n                      <span\n                        style=\"font-size: 92%; font-family: Raleway;\">&nbsp;\u2013 in einem gesch\u00fctzten Raum, der Verbindung, Austausch und pers\u00f6nliche Entwicklung erm\u00f6glicht.<\/span>\n                    <\/p>\n                    <p><span style=\"font-size: 92%; font-family: Raleway; font-weight: 400;\"> <\/span><\/p>\n                  <\/div>\n                <\/div>\n              <\/div>\n            <\/div>\n          <\/div>\n        <\/div>\n      <\/div>\n    <\/div>\n  <\/div>\n  <div data-colibri-component=\"section\" data-colibri-id=\"1295-c8\" id=\"about\" class=\"h-section h-section-global-spacing d-flex align-items-lg-center align-items-md-center align-items-center style-1534 style-local-1295-c8 position-relative\">\n    <!---->\n    <!---->\n    <div class=\"h-section-grid-container h-section-boxed-container\">\n      <!---->\n      <div data-colibri-id=\"1295-c9\" class=\"h-row-container gutters-row-lg-0 gutters-row-md-0 gutters-row-0 gutters-row-v-lg-0 gutters-row-v-md-0 gutters-row-v-0 style-1535 style-local-1295-c9 position-relative\">\n        <!---->\n        <div class=\"h-row justify-content-lg-center justify-content-md-center justify-content-center align-items-lg-stretch align-items-md-stretch align-items-stretch gutters-col-lg-0 gutters-col-md-0 gutters-col-0 gutters-col-v-lg-0 gutters-col-v-md-0 gutters-col-v-0\">\n          <!---->\n          <div class=\"h-column h-column-container d-flex h-col-lg-auto h-col-md-auto h-col-auto style-1536-outer style-local-1295-c10-outer\">\n            <div data-colibri-id=\"1295-c10\" class=\"d-flex h-flex-basis h-column__inner h-px-lg-0 h-px-md-0 h-px-0 v-inner-lg-0 v-inner-md-0 v-inner-0 style-1536 style-local-1295-c10 position-relative\">\n              <!---->\n              <!---->\n              <div class=\"w-100 h-y-container h-column__content h-column__v-align flex-basis-100 align-self-lg-start align-self-md-start align-self-start\">\n                <!---->\n                <div data-colibri-id=\"1295-c11\" class=\"h-global-transition-all h-heading style-1537 style-local-1295-c11 position-relative h-element\">\n                  <!---->\n                  <div class=\"h-heading__outer style-1537 style-local-1295-c11\">\n                    <!---->\n                    <!---->\n                    <h5 class=\"\">wie wir unsere kreise gestalten<\/h5>\n                  <\/div>\n                <\/div>\n                <div data-colibri-id=\"1295-c12\" class=\"h-text h-text-component style-1539 style-local-1295-c12 position-relative h-element\">\n                  <!---->\n                  <!---->\n                  <div class=\"\">\n                    <p><span style=\"font-family: Raleway; font-size: 92%;\">Jeder Kreis steht unter einem besonderen&nbsp;<\/span><strong style=\"font-family: Raleway; font-size: 92%;\">Thema<\/strong><span style=\"font-family: Raleway; font-size: 92%;\">, zu dem wir passende \u00dcbungen ausw\u00e4hlen:<\/span><\/p>\n                    <ul>\n                      <li><span style=\"font-family: Raleway; font-size: 92%;\">Gef\u00fchrte Meditationen<\/span><\/li>\n                      <li><span style=\"font-family: Raleway; font-size: 92%;\">Atem- und K\u00f6rper\u00fcbungen<\/span><\/li>\n                      <li><span style=\"font-family: Raleway; font-size: 92%;\">St\u00e4rkende Rituale<\/span><\/li>\n                      <li><span style=\"font-family: Raleway; font-size: 92%;\">Verbindung zur&nbsp;<\/span><strong style=\"font-family: Raleway; font-size: 92%;\">Mutter Natur<\/strong><\/li>\n                      <li><span style=\"font-family: Raleway; font-size: 92%;\">R\u00e4uchern, Musik, Klang<\/span><\/li>\n                    <\/ul>\n                    <p><span style=\"font-family: Raleway; font-size: 92%;\"><br><\/span><\/p>\n                    <p><span style=\"font-family: Raleway; font-size: 92%;\">Im Frauenkreis gibt es&nbsp;<\/span><strong style=\"font-family: Raleway; font-size: 92%;\">gen\u00fcgend Raum und Zeit<\/strong><span style=\"font-family: Raleway;\">&nbsp;f\u00fcr alles, was uns ber\u00fchrt, schmerzt oder erfreut \u2013 alles, was wir teilen m\u00f6chten.<\/span><\/p>\n                  <\/div>\n                <\/div>\n              <\/div>\n            <\/div>\n          <\/div>\n          <div class=\"h-column h-column-container d-flex h-col-lg-auto h-col-md-auto h-col-auto style-1540-outer style-local-1295-c13-outer\">\n            <div data-colibri-id=\"1295-c13\" class=\"d-flex h-flex-basis h-column__inner h-ui-empty-state-container h-px-lg-2 h-px-md-2 h-px-2 v-inner-lg-2 v-inner-md-2 v-inner-2 style-1540 style-local-1295-c13 position-relative\">\n              <!---->\n              <!---->\n              <div class=\"w-100 h-y-container h-column__content h-column__v-align flex-basis-100\">\n                <!---->\n              <\/div>\n            <\/div>\n          <\/div>\n        <\/div>\n      <\/div>\n      <div data-colibri-id=\"1295-c14\" class=\"h-row-container gutters-row-lg-2 gutters-row-md-2 gutters-row-0 gutters-row-v-lg-2 gutters-row-v-md-2 gutters-row-v-2 style-2433 style-local-1295-c14 position-relative\">\n        <!---->\n        <div class=\"h-row justify-content-lg-center justify-content-md-center justify-content-center align-items-lg-stretch align-items-md-stretch align-items-stretch gutters-col-lg-2 gutters-col-md-2 gutters-col-0 gutters-col-v-lg-2 gutters-col-v-md-2 gutters-col-v-2\">\n          <!---->\n          <div class=\"h-column h-column-container d-flex h-col-lg-auto h-col-md-auto h-col-auto style-2434-outer style-local-1295-c15-outer\">\n            <div data-colibri-id=\"1295-c15\" class=\"d-flex h-flex-basis h-column__inner h-px-lg-2 h-px-md-2 h-px-2 v-inner-lg-2 v-inner-md-2 v-inner-2 style-2434 style-local-1295-c15 position-relative\">\n              <!---->\n              <!---->\n              <div class=\"w-100 h-y-container h-column__content h-column__v-align flex-basis-100 align-self-lg-start align-self-md-start align-self-start\">\n                <!---->\n                <div data-colibri-id=\"1295-c16\" class=\"h-text h-text-component style-2435 style-local-1295-c16 position-relative h-element\">\n                  <!---->\n                  <!---->\n                  <div class=\"\">\n                    <h5>termine und weitere informationen&nbsp;<\/h5>\n                  <\/div>\n                <\/div>\n              <\/div>\n            <\/div>\n          <\/div>\n        <\/div>\n      <\/div>\n      <div data-colibri-id=\"1295-c17\" class=\"h-row-container gutters-row-lg-2 gutters-row-md-2 gutters-row-0 gutters-row-v-lg-2 gutters-row-v-md-2 gutters-row-v-2 style-2428 style-local-1295-c17 position-relative\">\n        <!---->\n        <div class=\"h-row justify-content-lg-center justify-content-md-center justify-content-center align-items-lg-stretch align-items-md-stretch align-items-stretch gutters-col-lg-2 gutters-col-md-2 gutters-col-0 gutters-col-v-lg-2 gutters-col-v-md-2 gutters-col-v-2\">\n          <!---->\n          <div class=\"h-column h-column-container d-flex h-col-lg-auto h-col-md-auto h-col-auto style-2429-outer style-local-1295-c18-outer\">\n            <div data-colibri-id=\"1295-c18\" class=\"d-flex h-flex-basis h-column__inner h-px-lg-2 h-px-md-2 h-px-2 v-inner-lg-2 v-inner-md-2 v-inner-2 style-2429 style-local-1295-c18 position-relative\">\n              <!---->\n              <!---->\n              <div class=\"w-100 h-y-container h-column__content h-column__v-align flex-basis-100 align-self-lg-start align-self-md-start align-self-start\">\n                <!---->\n                <div data-colibri-id=\"1295-c19\" class=\"d-block style-2430 style-local-1295-c19 position-relative h-element\">\n                  <!---->\n                  <div class=\"h-image__frame-container-outer\">\n                    <div class=\"h-image__frame-container\">\n                      <!---->\n                      <!---->\n                      <img loading=\"lazy\" width=\"1414\" height=\"1985\" src=\"https:\/\/bewusst-schoen.at\/wp-content\/uploads\/2026\/02\/cropped-cropped-1-1.png\" class=\"wp-image-5231 style-2430-image style-local-1295-c19-image\" srcset=\"https:\/\/bewusst-schoen.at\/wp-content\/uploads\/2026\/02\/cropped-cropped-1-1.png 1414w, https:\/\/bewusst-schoen.at\/wp-content\/uploads\/2026\/02\/cropped-cropped-1-1-214x300.png 214w, https:\/\/bewusst-schoen.at\/wp-content\/uploads\/2026\/02\/cropped-cropped-1-1-729x1024.png 729w, https:\/\/bewusst-schoen.at\/wp-content\/uploads\/2026\/02\/cropped-cropped-1-1-768x1078.png 768w, https:\/\/bewusst-schoen.at\/wp-content\/uploads\/2026\/02\/cropped-cropped-1-1-1094x1536.png 1094w, https:\/\/bewusst-schoen.at\/wp-content\/uploads\/2026\/02\/cropped-cropped-1-1-600x842.png 600w\" sizes=\"(max-width: 1414px) 100vw, 1414px\" alt=\"\" \/>\n                      <div class=\"h-image__frame h-hide-lg h-hide-md h-hide-sm style-2430-frameImage style-local-1295-c19-frameImage\"><\/div>\n                    <\/div>\n                  <\/div>\n                <\/div>\n                <div data-colibri-id=\"1295-c20\" class=\"d-block style-2430 style-local-1295-c20 position-relative h-element\">\n                  <!---->\n                  <div class=\"h-image__frame-container-outer\">\n                    <div class=\"h-image__frame-container\">\n                      <!---->\n                      <!---->\n                      <img loading=\"lazy\" width=\"1411\" height=\"2000\" src=\"https:\/\/bewusst-schoen.at\/wp-content\/uploads\/2026\/02\/cropped-cropped-cropped-2.png\" class=\"wp-image-5229 style-2430-image style-local-1295-c20-image\" srcset=\"https:\/\/bewusst-schoen.at\/wp-content\/uploads\/2026\/02\/cropped-cropped-cropped-2.png 1411w, https:\/\/bewusst-schoen.at\/wp-content\/uploads\/2026\/02\/cropped-cropped-cropped-2-212x300.png 212w, https:\/\/bewusst-schoen.at\/wp-content\/uploads\/2026\/02\/cropped-cropped-cropped-2-722x1024.png 722w, https:\/\/bewusst-schoen.at\/wp-content\/uploads\/2026\/02\/cropped-cropped-cropped-2-768x1089.png 768w, https:\/\/bewusst-schoen.at\/wp-content\/uploads\/2026\/02\/cropped-cropped-cropped-2-1084x1536.png 1084w, https:\/\/bewusst-schoen.at\/wp-content\/uploads\/2026\/02\/cropped-cropped-cropped-2-600x850.png 600w\" sizes=\"(max-width: 1411px) 100vw, 1411px\" alt=\"\" \/>\n                      <div class=\"h-image__frame h-hide-lg h-hide-md h-hide-sm style-2430-frameImage style-local-1295-c20-frameImage\"><\/div>\n                    <\/div>\n                  <\/div>\n                <\/div>\n              <\/div>\n            <\/div>\n          <\/div>\n        <\/div>\n      <\/div>\n    <\/div>\n  <\/div>\n<\/div>","protected":false},"excerpt":{"rendered":"<p>Was ist ein frauenkreis ? Ein Frauenkreis ist ein&nbsp;Ort der Weiblichkeit und gelebten Spiritualit\u00e4t. Hier kommen Frauen jeden Alters zusammen, um&nbsp;gemeinsam zu singen, zu meditieren, zu lernen, zu heilen und Rituale zu zelebrieren &nbsp;\u2013 in einem gesch\u00fctzten Raum, der Verbindung, Austausch und pers\u00f6nliche Entwicklung erm\u00f6glicht. wie wir unsere kreise gestalten Jeder Kreis steht unter einem [&hellip;]<\/p>\n","protected":false},"author":1,"featured_media":0,"parent":0,"menu_order":0,"comment_status":"closed","ping_status":"closed","template":"page-templates\/full-width-page.php","meta":[],"_links":{"self":[{"href":"https:\/\/bewusst-schoen.at\/index.php?rest_route=\/wp\/v2\/pages\/1295"}],"collection":[{"href":"https:\/\/bewusst-schoen.at\/index.php?rest_route=\/wp\/v2\/pages"}],"about":[{"href":"https:\/\/bewusst-schoen.at\/index.php?rest_route=\/wp\/v2\/types\/page"}],"author":[{"embeddable":true,"href":"https:\/\/bewusst-schoen.at\/index.php?rest_route=\/wp\/v2\/users\/1"}],"replies":[{"embeddable":true,"href":"https:\/\/bewusst-schoen.at\/index.php?rest_route=%2Fwp%2Fv2%2Fcomments&post=1295"}],"version-history":[{"count":20,"href":"https:\/\/bewusst-schoen.at\/index.php?rest_route=\/wp\/v2\/pages\/1295\/revisions"}],"predecessor-version":[{"id":5341,"href":"https:\/\/bewusst-schoen.at\/index.php?rest_route=\/wp\/v2\/pages\/1295\/revisions\/5341"}],"wp:attachment":[{"href":"https:\/\/bewusst-schoen.at\/index.php?rest_route=%2Fwp%2Fv2%2Fmedia&parent=1295"}],"curies":[{"name":"wp","href":"https:\/\/api.w.org\/{rel}","templated":true}]}}